{"id":10,"date":"2023-06-06T16:27:41","date_gmt":"2023-06-06T14:27:41","guid":{"rendered":"https:\/\/muenchen-frauenaerztin.de\/?page_id=10"},"modified":"2025-05-28T14:21:25","modified_gmt":"2025-05-28T12:21:25","slug":"kontakt","status":"publish","type":"page","link":"https:\/\/gesundheits-analyse.de\/en\/contact\/","title":{"rendered":"Contact"},"content":{"rendered":"<div class=\"vce-row-container\" data-vce-boxed-width=\"true\"><div class=\"vce-row vce-row--col-gap-30 vce-row-equal-height vce-row-content--top\" id=\"el-4b6da9b8\" data-vce-do-apply=\"all el-4b6da9b8\"><div class=\"vce-content-background-container\"><\/div><div class=\"vce-row-content\" data-vce-element-content=\"true\"><div class=\"vce-col vce-col--xs-100p vce-col--xs-visible vce-col--xs-last vce-col--xs-first vce-col--sm-100p vce-col--sm-visible vce-col--sm-last vce-col--sm-first vce-col--md-100p vce-col--md-visible vce-col--md-last vce-col--md-first vce-col--lg-auto vce-col--lg-visible vce-col--lg-first vce-col--xl-auto vce-col--xl-visible vce-col--xl-first\" id=\"el-c2e76087\"><div class=\"vce-col-inner\" data-vce-do-apply=\"border margin background  el-c2e76087\"><div class=\"vce-col-content\" data-vce-element-content=\"true\" data-vce-do-apply=\"padding el-c2e76087\"><div class=\"vce-text-block\"><div class=\"vce-text-block-wrapper vce\" id=\"el-177770d2\" data-vce-do-apply=\"all el-177770d2\"><h2>Contact<\/h2><\/div><\/div><div class=\"vce-text-block\"><div class=\"vce-text-block-wrapper vce\" id=\"el-34428240\" data-vce-do-apply=\"all el-34428240\"><h5>Information<\/h5>\n<\/div><\/div><div class=\"vce-text-block uhrzeit\"><div class=\"vce-text-block-wrapper vce\" id=\"el-7cdb859f\" data-vce-do-apply=\"all el-7cdb859f\"><p><img decoding=\"async\" class=\"alignnone size-full wp-image-89\" src=\"https:\/\/gesundheits-analyse.de\/wp-content\/uploads\/2025\/05\/praxis-location-kreis.svg\" alt=\"\" width=\"39\" height=\"39\"> Varrentrappstra\u00dfe 20, 38114 Braunschweig<\/p><\/div><\/div><div class=\"vce-text-block uhrzeit\"><div class=\"vce-text-block-wrapper vce\" id=\"el-7f7c5342\" data-vce-do-apply=\"all el-7f7c5342\"><p><img decoding=\"async\" class=\"alignnone size-full wp-image-87\" src=\"https:\/\/gesundheits-analyse.de\/wp-content\/uploads\/2025\/05\/praxis-mail-kreis.svg\" alt=\"\" width=\"39\" height=\"39\">&nbsp;<a href=\"mailto:info@gesundheits-analyse.de\">info@gesundheits-analyse.de<\/a><\/p><\/div><\/div><div class=\"vce-text-block\"><div class=\"vce-text-block-wrapper vce\" id=\"el-2f2ea14e\" data-vce-do-apply=\"all el-2f2ea14e\"><h5>Opening hours<\/h5><\/div><\/div><div class=\"vce-raw-html\"><div class=\"vce-raw-html-wrapper\" id=\"el-d4a5af22\" data-vce-do-apply=\"all el-d4a5af22\"><p>By appointment via Doctolib<\/p>\n\n<p style=\"display: none; align-items: start; margin-bottom: 10px;\">\n  <img decoding=\"async\" src=\"https:\/\/gesundheits-analyse.de\/wp-content\/uploads\/2023\/07\/mo-di-1.svg\" style=\"margin-right: 10px;\" width=\"65px\" height=\"32px\">\n  08:00-13:00<br>14:00-17:00\n<\/p>\n<p style=\"display: none; align-items: center; margin-bottom: 10px;\">\n  <img decoding=\"async\" src=\"https:\/\/gesundheits-analyse.de\/wp-content\/uploads\/2023\/07\/mi.svg\" style=\"margin-right: 10px;\" width=\"65px\" height=\"32px\">\n  11:00-19:00\n<\/p>\n<p style=\"display: none; align-items: center; margin-bottom: 10px;\">\n  <img decoding=\"async\" src=\"https:\/\/gesundheits-analyse.de\/wp-content\/uploads\/2023\/07\/do.svg\" style=\"margin-right: 10px;\" width=\"65px\" height=\"32px\">\n  11:00-18:00\n<\/p>\n<p style=\"display: none; align-items: start; margin-bottom: 10px;\">\n  <img decoding=\"async\" src=\"https:\/\/gesundheits-analyse.de\/wp-content\/uploads\/2023\/07\/fr.svg\" style=\"margin-right: 10px;\" width=\"65px\" height=\"32px\">\n  08:00-14:00\n\t \n<\/p><\/div><\/div><div class=\"vce-button--style-basic-icon-container vce vce-button--style-basic-icon-container--align-left\" id=\"el-b85767d9\" data-vce-do-apply=\"margin el-b85767d9\"><a class=\"vce-button vce-button--style-basic-icon vce-button--style-basic-icon--border-round vce-button--style-basic-icon--color-b-80-194-189--fff\" href=\"https:\/\/www.doctolib.de\/ernahrungsmedizin\/braunschweig\/ahmed-abdel-rahman?utm_campaign=website-button&amp;amp;utm_source=ahmed-abdel-rahman-website-button&amp;amp;utm_medium=referral&amp;amp;utm_content=custom&amp;amp;utm_term=ahmed-abdel-rahman\" title=\"\" target=\"_blank\" data-vce-do-apply=\"padding border background  el-b85767d9\"><span class=\"vce-button--style-basic-icon-inner\"><span class=\"vce-button--style-basic-icon-text\">Make an appointment online<\/span><span class=\"vce-button--style-basic-icon-icon vcv-ui-icon-material vcv-ui-icon-material-arrow_forward\"><\/span><\/span><\/a><\/div><\/div><\/div><\/div><div class=\"vce-col vce-col--xs-100p vce-col--xs-visible vce-col--xs-last vce-col--xs-first vce-col--sm-100p vce-col--sm-visible vce-col--sm-last vce-col--sm-first vce-col--md-100p vce-col--md-visible vce-col--md-last vce-col--md-first vce-col--lg-auto vce-col--lg-visible vce-col--lg-last vce-col--xl-auto vce-col--xl-visible vce-col--xl-last\" id=\"el-979788f8\"><div class=\"vce-col-inner\" data-vce-do-apply=\"border margin background  el-979788f8\"><div class=\"vce-content-background-container\"><\/div><div class=\"vce-col-content\" data-vce-element-content=\"true\" data-vce-do-apply=\"padding el-979788f8\"><div class=\"vce-text-block\"><div class=\"vce-text-block-wrapper vce\" id=\"el-69a815a8\" data-vce-do-apply=\"all el-69a815a8\"><h2>Contact form<\/h2><p>\n<div class=\"wpcf7 no-js\" id=\"wpcf7-f161-o1\" lang=\"de-DE\" dir=\"ltr\" data-wpcf7-id=\"161\">\n<div class=\"screen-reader-response\"><p role=\"status\" aria-live=\"polite\" aria-atomic=\"true\"><\/p> <ul><\/ul><\/div>\n<form action=\"\/en\/wp-json\/wp\/v2\/pages\/10#wpcf7-f161-o1\" method=\"post\" class=\"wpcf7-form init\" aria-label=\"Contact form\" novalidate=\"novalidate\" data-status=\"init\" data-trp-original-action=\"\/en\/wp-json\/wp\/v2\/pages\/10#wpcf7-f161-o1\">\n<div style=\"display: none;\">\n<input type=\"hidden\" name=\"_wpcf7\" value=\"161\" \/>\n<input type=\"hidden\" name=\"_wpcf7_version\" value=\"6.0.5\" \/>\n<input type=\"hidden\" name=\"_wpcf7_locale\" value=\"de_DE\" \/>\n<input type=\"hidden\" name=\"_wpcf7_unit_tag\" value=\"wpcf7-f161-o1\" \/>\n<input type=\"hidden\" name=\"_wpcf7_container_post\" value=\"0\" \/>\n<input type=\"hidden\" name=\"_wpcf7_posted_data_hash\" value=\"\" \/>\n<\/div>\n<p><span class=\"wpcf7-form-control-wrap\" data-name=\"your-name\"><input size=\"40\" maxlength=\"400\" class=\"wpcf7-form-control wpcf7-text wpcf7-validates-as-required\" autocomplete=\"name\" aria-required=\"true\" aria-invalid=\"false\" placeholder=\"First &amp; Last Name\" value=\"\" type=\"text\" name=\"your-name\" \/><\/span>\n<\/p>\n<p><span class=\"wpcf7-form-control-wrap\" data-name=\"your-email\"><input size=\"40\" maxlength=\"400\" class=\"wpcf7-form-control wpcf7-email wpcf7-validates-as-required wpcf7-text wpcf7-validates-as-email\" autocomplete=\"email\" aria-required=\"true\" aria-invalid=\"false\" placeholder=\"E-mail\" value=\"\" type=\"email\" name=\"your-email\" \/><\/span>\n<\/p>\n<p><span class=\"wpcf7-form-control-wrap\" data-name=\"your-subject\"><input size=\"40\" maxlength=\"400\" class=\"wpcf7-form-control wpcf7-text wpcf7-validates-as-required\" aria-required=\"true\" aria-invalid=\"false\" placeholder=\"Subject\" value=\"\" type=\"text\" name=\"your-subject\" \/><\/span>\n<\/p>\n<p><span class=\"wpcf7-form-control-wrap\" data-name=\"your-message\"><textarea cols=\"40\" rows=\"10\" maxlength=\"2000\" class=\"wpcf7-form-control wpcf7-textarea\" aria-invalid=\"false\" placeholder=\"Write your message here...\" name=\"your-message\"><\/textarea><\/span>\n<\/p>\n<p><input class=\"wpcf7-form-control wpcf7-submit has-spinner\" type=\"submit\" value=\"Send\" \/>\n<\/p><div class=\"wpcf7-response-output\" aria-hidden=\"true\"><\/div>\n<input type=\"hidden\" name=\"trp-form-language\" value=\"en\"\/><\/form>\n<\/div>\n<\/p><\/div><\/div><\/div><\/div><\/div><\/div><\/div><\/div><div class=\"vce-row-container\" data-vce-boxed-width=\"true\"><div class=\"vce-row vce-row--col-gap-30 vce-row-equal-height vce-row-content--top\" id=\"el-727d7df9\" data-vce-do-apply=\"all el-727d7df9\"><div class=\"vce-content-background-container\"><\/div><div class=\"vce-row-content\" data-vce-element-content=\"true\"><div class=\"vce-col vce-col--md-auto vce-col--xs-1 vce-col--xs-last vce-col--xs-first vce-col--sm-last vce-col--sm-first vce-col--md-last vce-col--lg-last vce-col--xl-last vce-col--md-first vce-col--lg-first vce-col--xl-first\" id=\"el-e2b4ad0a\"><div class=\"vce-col-inner\" data-vce-do-apply=\"border margin background  el-e2b4ad0a\"><div class=\"vce-col-content\" data-vce-element-content=\"true\" data-vce-do-apply=\"padding el-e2b4ad0a\"><div class=\"vce-text-block\"><div class=\"vce-text-block-wrapper vce\" id=\"el-09ab6644\" data-vce-do-apply=\"all el-09ab6644\"><h2>Approach<\/h2><\/div><\/div><\/div><\/div><\/div><\/div><\/div><\/div><div class=\"vce-row-container\" data-vce-boxed-width=\"true\"><div class=\"vce-row vce-row--col-gap-30 vce-row-equal-height vce-row-content--top\" id=\"el-3fcbbc72\" data-vce-do-apply=\"all el-3fcbbc72\"><div class=\"vce-row-content\" data-vce-element-content=\"true\"><div class=\"vce-col vce-col--md-auto vce-col--xs-1 vce-col--xs-last vce-col--xs-first vce-col--sm-last vce-col--sm-first vce-col--md-last vce-col--lg-last vce-col--xl-last vce-col--md-first vce-col--lg-first vce-col--xl-first\" id=\"el-710d76a1\"><div class=\"vce-col-inner\" data-vce-do-apply=\"border margin background  el-710d76a1\"><div class=\"vce-col-content\" data-vce-element-content=\"true\" data-vce-do-apply=\"padding el-710d76a1\"><div class=\"vce-raw-html\"><div class=\"vce-raw-html-wrapper\" id=\"el-d906321b\" data-vce-do-apply=\"all el-d906321b\"><iframe src=\"https:\/\/www.google.com\/maps\/embed?pb=!1m18!1m12!1m3!1d2372.9442078778423!2d10.51686777681803!3d52.26622197200278!2m3!1f0!2f0!3f0!3m2!1i1024!2i768!4f13.1!3m3!1m2!1s0x47b1f1f4b5c2dbd7%3A0xa272ad238f3787e!2sVarrentrappstra%C3%9Fe%2020%2C%2038114%20Braunschweig!5e0!3m2!1sen!2sde!4v1716832049829!5m2!1sen!2sde\" width=\"100%\" height=\"450\" style=\"border:0;\" allowfullscreen=\"\" loading=\"lazy\" referrerpolicy=\"no-referrer-when-downgrade\"><\/iframe><\/div><\/div><\/div><\/div><\/div><\/div><\/div><\/div>","protected":false},"excerpt":{"rendered":"<p>KontaktInformationen Varrentrappstra\u00dfe 20, 38114 Braunschweig&nbsp;info@gesundheits-analyse.de\u00d6ffnungszeitenNach Terminabsprache \u00fcber Doctolib 08:00-13:0014:00-17:00 11:00-19:00 11:00-18:00 08:00-14:00 Termin online vereinbarenKontaktformularAnfahrt<\/p>","protected":false},"author":1,"featured_media":0,"parent":0,"menu_order":0,"comment_status":"closed","ping_status":"closed","template":"","meta":{"inline_featured_image":false,"footnotes":""},"class_list":["post-10","page","type-page","status-publish","hentry"],"yoast_head":"<!-- This site is optimized with the Yoast SEO plugin v24.8.1 - https:\/\/yoast.com\/wordpress\/plugins\/seo\/ -->\n<title>Kontakt - Gesundheitsanalyse Rahman<\/title>\n<meta name=\"robots\" content=\"noindex, nofollow\" \/>\n<meta property=\"og:locale\" content=\"en_GB\" \/>\n<meta property=\"og:type\" content=\"article\" \/>\n<meta property=\"og:title\" content=\"Kontakt - Gesundheitsanalyse Rahman\" \/>\n<meta property=\"og:description\" content=\"KontaktInformationen Varrentrappstra\u00dfe 20, 38114 Braunschweig&nbsp;info@gesundheits-analyse.de\u00d6ffnungszeitenNach Terminabsprache \u00fcber Doctolib 08:00-13:0014:00-17:00 11:00-19:00 11:00-18:00 08:00-14:00 Termin online vereinbarenKontaktformularAnfahrt\" \/>\n<meta property=\"og:url\" content=\"https:\/\/gesundheits-analyse.de\/en\/contact\/\" \/>\n<meta property=\"og:site_name\" content=\"Gesundheitsanalyse Rahman\" \/>\n<meta property=\"article:modified_time\" content=\"2025-05-28T12:21:25+00:00\" \/>\n<meta name=\"twitter:card\" content=\"summary_large_image\" \/>\n<meta name=\"twitter:label1\" content=\"Estimated reading time\" \/>\n\t<meta name=\"twitter:data1\" content=\"2 minutes\" \/>\n<script type=\"application\/ld+json\" class=\"yoast-schema-graph\">{\"@context\":\"https:\/\/schema.org\",\"@graph\":[{\"@type\":\"WebPage\",\"@id\":\"https:\/\/gesundheits-analyse.de\/kontakt\/\",\"url\":\"https:\/\/gesundheits-analyse.de\/kontakt\/\",\"name\":\"Kontakt - Gesundheitsanalyse Rahman\",\"isPartOf\":{\"@id\":\"https:\/\/gesundheits-analyse.de\/#website\"},\"datePublished\":\"2023-06-06T14:27:41+00:00\",\"dateModified\":\"2025-05-28T12:21:25+00:00\",\"breadcrumb\":{\"@id\":\"https:\/\/gesundheits-analyse.de\/kontakt\/#breadcrumb\"},\"inLanguage\":\"en-GB\",\"potentialAction\":[{\"@type\":\"ReadAction\",\"target\":[\"https:\/\/gesundheits-analyse.de\/kontakt\/\"]}]},{\"@type\":\"BreadcrumbList\",\"@id\":\"https:\/\/gesundheits-analyse.de\/kontakt\/#breadcrumb\",\"itemListElement\":[{\"@type\":\"ListItem\",\"position\":1,\"name\":\"Startseite\",\"item\":\"https:\/\/gesundheits-analyse.de\/\"},{\"@type\":\"ListItem\",\"position\":2,\"name\":\"Kontakt\"}]},{\"@type\":\"WebSite\",\"@id\":\"https:\/\/gesundheits-analyse.de\/#website\",\"url\":\"https:\/\/gesundheits-analyse.de\/\",\"name\":\"Gesundheitsanalyse Rahman\",\"description\":\"\",\"publisher\":{\"@id\":\"https:\/\/gesundheits-analyse.de\/#organization\"},\"potentialAction\":[{\"@type\":\"SearchAction\",\"target\":{\"@type\":\"EntryPoint\",\"urlTemplate\":\"https:\/\/gesundheits-analyse.de\/?s={search_term_string}\"},\"query-input\":{\"@type\":\"PropertyValueSpecification\",\"valueRequired\":true,\"valueName\":\"search_term_string\"}}],\"inLanguage\":\"en-GB\"},{\"@type\":\"Organization\",\"@id\":\"https:\/\/gesundheits-analyse.de\/#organization\",\"name\":\"Gesundheitsanalyse Rahman\",\"url\":\"https:\/\/gesundheits-analyse.de\/\",\"logo\":{\"@type\":\"ImageObject\",\"inLanguage\":\"en-GB\",\"@id\":\"https:\/\/gesundheits-analyse.de\/#\/schema\/logo\/image\/\",\"url\":\"https:\/\/gesundheits-analyse.de\/wp-content\/uploads\/2025\/05\/cropped-Rollup_Rahman_health_analysis_logo-scaled-1.png\",\"contentUrl\":\"https:\/\/gesundheits-analyse.de\/wp-content\/uploads\/2025\/05\/cropped-Rollup_Rahman_health_analysis_logo-scaled-1.png\",\"width\":2560,\"height\":664,\"caption\":\"Gesundheitsanalyse Rahman\"},\"image\":{\"@id\":\"https:\/\/gesundheits-analyse.de\/#\/schema\/logo\/image\/\"}}]}<\/script>\n<!-- \/ Yoast SEO plugin. -->","yoast_head_json":{"title":"Kontakt - Gesundheitsanalyse Rahman","robots":{"index":"noindex","follow":"nofollow"},"og_locale":"en_GB","og_type":"article","og_title":"Kontakt - Gesundheitsanalyse Rahman","og_description":"KontaktInformationen Varrentrappstra\u00dfe 20, 38114 Braunschweig&nbsp;info@gesundheits-analyse.de\u00d6ffnungszeitenNach Terminabsprache \u00fcber Doctolib 08:00-13:0014:00-17:00 11:00-19:00 11:00-18:00 08:00-14:00 Termin online vereinbarenKontaktformularAnfahrt","og_url":"https:\/\/gesundheits-analyse.de\/en\/contact\/","og_site_name":"Gesundheitsanalyse Rahman","article_modified_time":"2025-05-28T12:21:25+00:00","twitter_card":"summary_large_image","twitter_misc":{"Estimated reading time":"2 minutes"},"schema":{"@context":"https:\/\/schema.org","@graph":[{"@type":"WebPage","@id":"https:\/\/gesundheits-analyse.de\/kontakt\/","url":"https:\/\/gesundheits-analyse.de\/kontakt\/","name":"Kontakt - Gesundheitsanalyse Rahman","isPartOf":{"@id":"https:\/\/gesundheits-analyse.de\/#website"},"datePublished":"2023-06-06T14:27:41+00:00","dateModified":"2025-05-28T12:21:25+00:00","breadcrumb":{"@id":"https:\/\/gesundheits-analyse.de\/kontakt\/#breadcrumb"},"inLanguage":"en-GB","potentialAction":[{"@type":"ReadAction","target":["https:\/\/gesundheits-analyse.de\/kontakt\/"]}]},{"@type":"BreadcrumbList","@id":"https:\/\/gesundheits-analyse.de\/kontakt\/#breadcrumb","itemListElement":[{"@type":"ListItem","position":1,"name":"Startseite","item":"https:\/\/gesundheits-analyse.de\/"},{"@type":"ListItem","position":2,"name":"Kontakt"}]},{"@type":"WebSite","@id":"https:\/\/gesundheits-analyse.de\/#website","url":"https:\/\/gesundheits-analyse.de\/","name":"Gesundheitsanalyse Rahman","description":"","publisher":{"@id":"https:\/\/gesundheits-analyse.de\/#organization"},"potentialAction":[{"@type":"SearchAction","target":{"@type":"EntryPoint","urlTemplate":"https:\/\/gesundheits-analyse.de\/?s={search_term_string}"},"query-input":{"@type":"PropertyValueSpecification","valueRequired":true,"valueName":"search_term_string"}}],"inLanguage":"en-GB"},{"@type":"Organization","@id":"https:\/\/gesundheits-analyse.de\/#organization","name":"Gesundheitsanalyse Rahman","url":"https:\/\/gesundheits-analyse.de\/","logo":{"@type":"ImageObject","inLanguage":"en-GB","@id":"https:\/\/gesundheits-analyse.de\/#\/schema\/logo\/image\/","url":"https:\/\/gesundheits-analyse.de\/wp-content\/uploads\/2025\/05\/cropped-Rollup_Rahman_health_analysis_logo-scaled-1.png","contentUrl":"https:\/\/gesundheits-analyse.de\/wp-content\/uploads\/2025\/05\/cropped-Rollup_Rahman_health_analysis_logo-scaled-1.png","width":2560,"height":664,"caption":"Gesundheitsanalyse Rahman"},"image":{"@id":"https:\/\/gesundheits-analyse.de\/#\/schema\/logo\/image\/"}}]}},"_links":{"self":[{"href":"https:\/\/gesundheits-analyse.de\/en\/wp-json\/wp\/v2\/pages\/10","targetHints":{"allow":["GET"]}}],"collection":[{"href":"https:\/\/gesundheits-analyse.de\/en\/wp-json\/wp\/v2\/pages"}],"about":[{"href":"https:\/\/gesundheits-analyse.de\/en\/wp-json\/wp\/v2\/types\/page"}],"author":[{"embeddable":true,"href":"https:\/\/gesundheits-analyse.de\/en\/wp-json\/wp\/v2\/users\/1"}],"replies":[{"embeddable":true,"href":"https:\/\/gesundheits-analyse.de\/en\/wp-json\/wp\/v2\/comments?post=10"}],"version-history":[{"count":28,"href":"https:\/\/gesundheits-analyse.de\/en\/wp-json\/wp\/v2\/pages\/10\/revisions"}],"predecessor-version":[{"id":1255,"href":"https:\/\/gesundheits-analyse.de\/en\/wp-json\/wp\/v2\/pages\/10\/revisions\/1255"}],"wp:attachment":[{"href":"https:\/\/gesundheits-analyse.de\/en\/wp-json\/wp\/v2\/media?parent=10"}],"curies":[{"name":"wp","href":"https:\/\/api.w.org\/{rel}","templated":true}]}}