{"id":12,"date":"2023-06-06T16:27:55","date_gmt":"2023-06-06T14:27:55","guid":{"rendered":"https:\/\/muenchen-frauenaerztin.de\/?page_id=12"},"modified":"2025-05-28T14:35:14","modified_gmt":"2025-05-28T12:35:14","slug":"untersuchungen","status":"publish","type":"page","link":"https:\/\/gesundheits-analyse.de\/en\/investigations\/","title":{"rendered":"Investigations"},"content":{"rendered":"<div class=\"vce-row-container\" data-vce-boxed-width=\"true\"><div class=\"vce-row vce-row--col-gap-30 investigations-section vce-row-equal-height vce-row-content--top\" id=\"el-0c1f0c8e\" data-vce-do-apply=\"all el-0c1f0c8e\"><div class=\"vce-content-background-container\"><\/div><div class=\"vce-row-content\" data-vce-element-content=\"true\"><div class=\"vce-col vce-col--md-auto vce-col--xs-1 vce-col--xs-last vce-col--xs-first vce-col--sm-last vce-col--sm-first vce-col--md-last vce-col--lg-last vce-col--xl-last vce-col--md-first vce-col--lg-first vce-col--xl-first\" id=\"el-f6eb2a77\"><div class=\"vce-col-inner\" data-vce-do-apply=\"border margin background  el-f6eb2a77\"><div class=\"vce-col-content\" data-vce-element-content=\"true\" data-vce-do-apply=\"padding el-f6eb2a77\"><div class=\"vce-text-block\"><div class=\"vce-text-block-wrapper vce\" id=\"el-e4eff2dd\" data-vce-do-apply=\"all el-e4eff2dd\"><h2>Investigations<\/h2><p>Our practice focuses on your health and well-being.<\/p><\/div><\/div><\/div><\/div><\/div><\/div><\/div><\/div><div class=\"vce-row-container\" data-vce-boxed-width=\"true\"><div class=\"vce-row vce-row--col-gap-30 untersuchungen-row vce-row-equal-height vce-row-content--top\" id=\"el-e6c9c84b\" data-vce-do-apply=\"all el-e6c9c84b\"><div class=\"vce-content-background-container\"><\/div><div class=\"vce-row-content\" data-vce-element-content=\"true\"><div class=\"vce-col vce-col--xs-100p vce-col--xs-visible vce-col--xs-last vce-col--xs-first vce-col--sm-50p vce-col--sm-visible vce-col--sm-first vce-col--md-auto vce-col--md-visible vce-col--md-first vce-col--lg-auto vce-col--lg-visible vce-col--lg-first vce-col--xl-auto vce-col--xl-visible vce-col--xl-first untersuchungen\" id=\"el-3926851d\"><div class=\"vce-col-inner\" data-vce-do-apply=\"border margin background  el-3926851d\"><div class=\"vce-col-content\" data-vce-element-content=\"true\" data-vce-do-apply=\"padding el-3926851d\"><div class=\"vce-text-block\"><div class=\"vce-text-block-wrapper vce\" id=\"el-848c2ea7\" data-vce-do-apply=\"all el-848c2ea7\"><div class=\"icon-box\"><img decoding=\"async\" class=\"size-full wp-image-73 aligncenter\" src=\"https:\/\/gesundheits-analyse.de\/wp-content\/uploads\/2025\/05\/Diabetes-prevention.svg\" alt=\"Diabetes prevention\" width=\"92\" height=\"83\"><\/div>\n<\/div><\/div><div class=\"vce-text-block link\"><div class=\"vce-text-block-wrapper vce\" id=\"el-411db635\" data-vce-do-apply=\"all el-411db635\"><p><a href=\"https:\/\/gesundheits-analyse.de\/en\/investigations\/diabetes-prevention\/\">Diabetes prevention<\/a><\/p><\/div><\/div><\/div><\/div><\/div><div class=\"vce-col vce-col--xs-100p vce-col--xs-visible vce-col--xs-last vce-col--xs-first vce-col--sm-50p vce-col--sm-visible vce-col--sm-last vce-col--md-auto vce-col--md-visible vce-col--lg-auto vce-col--lg-visible vce-col--xl-auto vce-col--xl-visible untersuchungen\" id=\"el-9c5f3d4a\"><div class=\"vce-col-inner\" data-vce-do-apply=\"border margin background  el-9c5f3d4a\"><div class=\"vce-col-content\" data-vce-element-content=\"true\" data-vce-do-apply=\"padding el-9c5f3d4a\"><div class=\"vce-text-block\"><div class=\"vce-text-block-wrapper vce\" id=\"el-2daaec69\" data-vce-do-apply=\"all el-2daaec69\"><div class=\"icon-box\"><img decoding=\"async\" class=\"wp-image-72 aligncenter\" src=\"https:\/\/gesundheits-analyse.de\/wp-content\/uploads\/2025\/05\/Liver-diseases.svg\" alt=\"Girls&#039; consultation hours\" width=\"97\" height=\"83\"><\/div>\n<\/div><\/div><div class=\"vce-text-block link\"><div class=\"vce-text-block-wrapper vce\" id=\"el-95cb709e\" data-vce-do-apply=\"all el-95cb709e\"><p><a href=\"https:\/\/gesundheits-analyse.de\/en\/investigations\/liver\/\">Liver diseases<\/a><\/p><\/div><\/div><\/div><\/div><\/div><div class=\"vce-col vce-col--xs-100p vce-col--xs-visible vce-col--xs-last vce-col--xs-first vce-col--sm-50p vce-col--sm-visible vce-col--sm-first vce-col--md-auto vce-col--md-visible vce-col--lg-auto vce-col--lg-visible vce-col--xl-auto vce-col--xl-visible untersuchungen\" id=\"el-a1a6324d\"><div class=\"vce-col-inner\" data-vce-do-apply=\"border margin background  el-a1a6324d\"><div class=\"vce-col-content\" data-vce-element-content=\"true\" data-vce-do-apply=\"padding el-a1a6324d\"><div class=\"vce-text-block\"><div class=\"vce-text-block-wrapper vce\" id=\"el-d1a82dbc\" data-vce-do-apply=\"all el-d1a82dbc\"><div class=\"icon-box\"><img decoding=\"async\" class=\"wp-image-71 aligncenter\" src=\"https:\/\/gesundheits-analyse.de\/wp-content\/uploads\/2025\/05\/Hormone-balance.svg\" alt=\"Oncological care\" width=\"84\" height=\"83\"><\/div>\n<\/div><\/div><div class=\"vce-text-block link\"><div class=\"vce-text-block-wrapper vce\" id=\"el-e7827da2\" data-vce-do-apply=\"all el-e7827da2\"><p><a href=\"https:\/\/gesundheits-analyse.de\/en\/investigations\/hormone-balance\/\">Hormone balance<\/a><\/p><\/div><\/div><\/div><\/div><\/div><div class=\"vce-col vce-col--xs-100p vce-col--xs-visible vce-col--xs-last vce-col--xs-first vce-col--sm-50p vce-col--sm-visible vce-col--sm-last vce-col--md-auto vce-col--md-visible vce-col--lg-auto vce-col--lg-visible vce-col--xl-auto vce-col--xl-visible untersuchungen\" id=\"el-6a285e4d\"><div class=\"vce-col-inner\" data-vce-do-apply=\"border margin background  el-6a285e4d\"><div class=\"vce-col-content\" data-vce-element-content=\"true\" data-vce-do-apply=\"padding el-6a285e4d\"><div class=\"vce-text-block\"><div class=\"vce-text-block-wrapper vce\" id=\"el-2d8f8fa7\" data-vce-do-apply=\"all el-2d8f8fa7\"><div class=\"icon-box\"><img decoding=\"async\" class=\"wp-image-70 aligncenter\" src=\"https:\/\/gesundheits-analyse.de\/wp-content\/uploads\/2025\/05\/Kidney-status.svg\" alt=\"Ultrasound examination\" width=\"98\" height=\"83\"><\/div><\/div><\/div><div class=\"vce-text-block link\"><div class=\"vce-text-block-wrapper vce\" id=\"el-355863be\" data-vce-do-apply=\"all el-355863be\"><p><a href=\"https:\/\/gesundheits-analyse.de\/en\/investigations\/kidney-status\/\">Kidney status<\/a><\/p><\/div><\/div><\/div><\/div><\/div><div class=\"vce-col vce-col--xs-100p vce-col--xs-visible vce-col--xs-last vce-col--xs-first vce-col--sm-50p vce-col--sm-visible vce-col--sm-last vce-col--sm-first vce-col--md-auto vce-col--md-visible vce-col--md-last vce-col--lg-auto vce-col--lg-visible vce-col--lg-last vce-col--xl-auto vce-col--xl-visible vce-col--xl-last untersuchungen\" id=\"el-4e556fd3\"><div class=\"vce-col-inner\" data-vce-do-apply=\"border margin background  el-4e556fd3\"><div class=\"vce-col-content\" data-vce-element-content=\"true\" data-vce-do-apply=\"padding el-4e556fd3\"><div class=\"vce-text-block\"><div class=\"vce-text-block-wrapper vce\" id=\"el-6e7f0312\" data-vce-do-apply=\"all el-6e7f0312\"><div class=\"icon-box\"><img decoding=\"async\" class=\"wp-image-69 aligncenter\" src=\"https:\/\/gesundheits-analyse.de\/wp-content\/uploads\/2025\/05\/cholesterol.svg\" alt=\"Women&#039;s health\" width=\"83\" height=\"82\"><\/div>\n<\/div><\/div><div class=\"vce-text-block link\"><div class=\"vce-text-block-wrapper vce\" id=\"el-19ec218d\" data-vce-do-apply=\"all el-19ec218d\"><p><a href=\"https:\/\/gesundheits-analyse.de\/en\/investigations\/cholesterol\/\">Cholesterol<\/a><\/p><\/div><\/div><\/div><\/div><\/div><\/div><\/div><\/div><div class=\"vce-row-container\" data-vce-boxed-width=\"true\"><div class=\"vce-row vce-row--col-gap-30 untersuchungen-row row-bottom-margin vce-row-equal-height vce-row-content--top\" id=\"el-ce1c25bb\" data-vce-do-apply=\"all el-ce1c25bb\"><div class=\"vce-content-background-container\"><\/div><div class=\"vce-row-content\" data-vce-element-content=\"true\"><div class=\"vce-col vce-col--xs-100p vce-col--xs-visible vce-col--xs-last vce-col--xs-first vce-col--sm-50p vce-col--sm-visible vce-col--sm-first vce-col--md-auto vce-col--md-visible vce-col--md-first vce-col--lg-auto vce-col--lg-visible vce-col--lg-first vce-col--xl-auto vce-col--xl-visible vce-col--xl-first untersuchungen\" id=\"el-bb1c7fd2\"><div class=\"vce-col-inner\" data-vce-do-apply=\"border margin background  el-bb1c7fd2\"><div class=\"vce-col-content\" data-vce-element-content=\"true\" data-vce-do-apply=\"padding el-bb1c7fd2\"><div class=\"vce-text-block\"><div class=\"vce-text-block-wrapper vce\" id=\"el-f59e2c4a\" data-vce-do-apply=\"all el-f59e2c4a\"><div class=\"icon-box\"><img decoding=\"async\" class=\"wp-image-68 aligncenter\" src=\"https:\/\/gesundheits-analyse.de\/wp-content\/uploads\/2025\/05\/Thyroid-gland.svg&quot;\" alt=\"Vaccinations\" width=\"101\" height=\"83\"><\/div>\n<\/div><\/div><div class=\"vce-text-block link\"><div class=\"vce-text-block-wrapper vce\" id=\"el-59933ad2\" data-vce-do-apply=\"all el-59933ad2\"><p><a href=\"https:\/\/gesundheits-analyse.de\/en\/investigations\/shield-druze\/\">Thyroid gland<\/a><\/p><\/div><\/div><\/div><\/div><\/div><div class=\"vce-col vce-col--xs-100p vce-col--xs-visible vce-col--xs-last vce-col--xs-first vce-col--sm-50p vce-col--sm-visible vce-col--sm-last vce-col--md-auto vce-col--md-visible vce-col--lg-auto vce-col--lg-visible vce-col--xl-auto vce-col--xl-visible untersuchungen\" id=\"el-d513e686\"><div class=\"vce-col-inner\" data-vce-do-apply=\"border margin background  el-d513e686\"><div class=\"vce-col-content\" data-vce-element-content=\"true\" data-vce-do-apply=\"padding el-d513e686\"><div class=\"vce-text-block\"><div class=\"vce-text-block-wrapper vce\" id=\"el-71b19608\" data-vce-do-apply=\"all el-71b19608\"><div class=\"icon-box\"><img decoding=\"async\" class=\"wp-image-67 aligncenter\" src=\"https:\/\/gesundheits-analyse.de\/wp-content\/uploads\/2025\/05\/Micronutrients.svg\" alt=\"Contraception\" width=\"100\" height=\"83\"><\/div>\n<\/div><\/div><div class=\"vce-text-block link\"><div class=\"vce-text-block-wrapper vce\" id=\"el-5a6606c6\" data-vce-do-apply=\"all el-5a6606c6\"><p><a href=\"https:\/\/gesundheits-analyse.de\/en\/investigations\/micronutrients\/\">Micronutrients<\/a><\/p><\/div><\/div><\/div><\/div><\/div><div class=\"vce-col vce-col--xs-100p vce-col--xs-visible vce-col--xs-last vce-col--xs-first vce-col--sm-50p vce-col--sm-visible vce-col--sm-first vce-col--md-auto vce-col--md-visible vce-col--lg-auto vce-col--lg-visible vce-col--xl-auto vce-col--xl-visible untersuchungen\" id=\"el-a7d2442c\"><div class=\"vce-col-inner\" data-vce-do-apply=\"border margin background  el-a7d2442c\"><div class=\"vce-col-content\" data-vce-element-content=\"true\" data-vce-do-apply=\"padding el-a7d2442c\"><div class=\"vce-text-block\"><div class=\"vce-text-block-wrapper vce\" id=\"el-81a393c8\" data-vce-do-apply=\"all el-81a393c8\"><div class=\"icon-box\"><img decoding=\"async\" class=\"wp-image-66 aligncenter\" src=\"https:\/\/gesundheits-analyse.de\/wp-content\/uploads\/2025\/05\/Nutrition-plan.svg\" alt=\"Endometriosis\" width=\"101\" height=\"83\"><\/div>\n<\/div><\/div><div class=\"vce-text-block link\"><div class=\"vce-text-block-wrapper vce\" id=\"el-8207d608\" data-vce-do-apply=\"all el-8207d608\"><p><a href=\"https:\/\/gesundheits-analyse.de\/en\/investigations\/food-plan\/\">Nutrition plan<\/a><\/p><\/div><\/div><\/div><\/div><\/div><div class=\"vce-col vce-col--xs-100p vce-col--xs-visible vce-col--xs-last vce-col--xs-first vce-col--sm-50p vce-col--sm-visible vce-col--sm-last vce-col--md-auto vce-col--md-visible vce-col--md-last vce-col--lg-auto vce-col--lg-visible vce-col--lg-last vce-col--xl-auto vce-col--xl-visible vce-col--xl-last untersuchungen\" id=\"el-159e205c\"><div class=\"vce-col-inner\" data-vce-do-apply=\"border margin background  el-159e205c\"><div class=\"vce-col-content\" data-vce-element-content=\"true\" data-vce-do-apply=\"padding el-159e205c\"><div class=\"vce-text-block\"><div class=\"vce-text-block-wrapper vce\" id=\"el-0f0fb30a\" data-vce-do-apply=\"all el-0f0fb30a\"><div class=\"icon-box\"><img decoding=\"async\" class=\"wp-image-64 aligncenter\" src=\"https:\/\/gesundheits-analyse.de\/wp-content\/uploads\/2025\/05\/Training-plan.svg\" alt=\"Ayurveda\" width=\"103\" height=\"83\"><\/div>\n<\/div><\/div><div class=\"vce-text-block link\"><div class=\"vce-text-block-wrapper vce\" id=\"el-b68966bf\" data-vce-do-apply=\"all el-b68966bf\"><p><a href=\"https:\/\/gesundheits-analyse.de\/en\/investigations\/training-plan\/\">Training plan<\/a><\/p><\/div><\/div><\/div><\/div><\/div><\/div><\/div><\/div>","protected":false},"excerpt":{"rendered":"<p>ExaminationsIn our practice, your health and well-being take centre stage. Diabetes prevention Liver diseases Hormone balanceKidney status Cholesterol Thyroid gland Micronutrients Nutrition plan Training plan<\/p>","protected":false},"author":1,"featured_media":0,"parent":0,"menu_order":0,"comment_status":"closed","ping_status":"closed","template":"","meta":{"inline_featured_image":false,"footnotes":""},"class_list":["post-12","page","type-page","status-publish","hentry"],"yoast_head":"<!-- This site is optimized with the Yoast SEO plugin v24.8.1 - https:\/\/yoast.com\/wordpress\/plugins\/seo\/ -->\n<title>Untersuchungen - Gesundheitsanalyse Rahman<\/title>\n<meta name=\"robots\" content=\"noindex, follow, max-snippet:-1, max-image-preview:large, max-video-preview:-1\" \/>\n<meta property=\"og:locale\" content=\"en_GB\" \/>\n<meta property=\"og:type\" content=\"article\" \/>\n<meta property=\"og:title\" content=\"Untersuchungen - Gesundheitsanalyse Rahman\" \/>\n<meta property=\"og:description\" content=\"UntersuchungenIn unserer Praxis stehen Ihre Gesundheit und Ihr Wohlbefinden im Mittelpunkt. Diabetes Vorsorge Lebererkrankungen HormonhaushaltNierenstatus Cholesterin Schilddr\u00fcse Mikron\u00e4hrstoffe Ern\u00e4hrungsplan Trainingsplan\" \/>\n<meta property=\"og:url\" content=\"https:\/\/gesundheits-analyse.de\/en\/investigations\/\" \/>\n<meta property=\"og:site_name\" content=\"Gesundheitsanalyse Rahman\" \/>\n<meta property=\"article:modified_time\" content=\"2025-05-28T12:35:14+00:00\" \/>\n<meta name=\"twitter:card\" content=\"summary_large_image\" \/>\n<script type=\"application\/ld+json\" class=\"yoast-schema-graph\">{\"@context\":\"https:\/\/schema.org\",\"@graph\":[{\"@type\":\"WebPage\",\"@id\":\"https:\/\/gesundheits-analyse.de\/untersuchungen\/\",\"url\":\"https:\/\/gesundheits-analyse.de\/untersuchungen\/\",\"name\":\"Untersuchungen - Gesundheitsanalyse Rahman\",\"isPartOf\":{\"@id\":\"https:\/\/gesundheits-analyse.de\/#website\"},\"datePublished\":\"2023-06-06T14:27:55+00:00\",\"dateModified\":\"2025-05-28T12:35:14+00:00\",\"breadcrumb\":{\"@id\":\"https:\/\/gesundheits-analyse.de\/untersuchungen\/#breadcrumb\"},\"inLanguage\":\"en-GB\",\"potentialAction\":[{\"@type\":\"ReadAction\",\"target\":[\"https:\/\/gesundheits-analyse.de\/untersuchungen\/\"]}]},{\"@type\":\"BreadcrumbList\",\"@id\":\"https:\/\/gesundheits-analyse.de\/untersuchungen\/#breadcrumb\",\"itemListElement\":[{\"@type\":\"ListItem\",\"position\":1,\"name\":\"Startseite\",\"item\":\"https:\/\/gesundheits-analyse.de\/\"},{\"@type\":\"ListItem\",\"position\":2,\"name\":\"Untersuchungen\"}]},{\"@type\":\"WebSite\",\"@id\":\"https:\/\/gesundheits-analyse.de\/#website\",\"url\":\"https:\/\/gesundheits-analyse.de\/\",\"name\":\"Gesundheitsanalyse Rahman\",\"description\":\"\",\"publisher\":{\"@id\":\"https:\/\/gesundheits-analyse.de\/#organization\"},\"potentialAction\":[{\"@type\":\"SearchAction\",\"target\":{\"@type\":\"EntryPoint\",\"urlTemplate\":\"https:\/\/gesundheits-analyse.de\/?s={search_term_string}\"},\"query-input\":{\"@type\":\"PropertyValueSpecification\",\"valueRequired\":true,\"valueName\":\"search_term_string\"}}],\"inLanguage\":\"en-GB\"},{\"@type\":\"Organization\",\"@id\":\"https:\/\/gesundheits-analyse.de\/#organization\",\"name\":\"Gesundheitsanalyse Rahman\",\"url\":\"https:\/\/gesundheits-analyse.de\/\",\"logo\":{\"@type\":\"ImageObject\",\"inLanguage\":\"en-GB\",\"@id\":\"https:\/\/gesundheits-analyse.de\/#\/schema\/logo\/image\/\",\"url\":\"https:\/\/gesundheits-analyse.de\/wp-content\/uploads\/2025\/05\/cropped-Rollup_Rahman_health_analysis_logo-scaled-1.png\",\"contentUrl\":\"https:\/\/gesundheits-analyse.de\/wp-content\/uploads\/2025\/05\/cropped-Rollup_Rahman_health_analysis_logo-scaled-1.png\",\"width\":2560,\"height\":664,\"caption\":\"Gesundheitsanalyse Rahman\"},\"image\":{\"@id\":\"https:\/\/gesundheits-analyse.de\/#\/schema\/logo\/image\/\"}}]}<\/script>\n<!-- \/ Yoast SEO plugin. -->","yoast_head_json":{"title":"Untersuchungen - Gesundheitsanalyse Rahman","robots":{"index":"noindex","follow":"follow","max-snippet":"max-snippet:-1","max-image-preview":"max-image-preview:large","max-video-preview":"max-video-preview:-1"},"og_locale":"en_GB","og_type":"article","og_title":"Untersuchungen - Gesundheitsanalyse Rahman","og_description":"UntersuchungenIn unserer Praxis stehen Ihre Gesundheit und Ihr Wohlbefinden im Mittelpunkt. Diabetes Vorsorge Lebererkrankungen HormonhaushaltNierenstatus Cholesterin Schilddr\u00fcse Mikron\u00e4hrstoffe Ern\u00e4hrungsplan Trainingsplan","og_url":"https:\/\/gesundheits-analyse.de\/en\/investigations\/","og_site_name":"Gesundheitsanalyse Rahman","article_modified_time":"2025-05-28T12:35:14+00:00","twitter_card":"summary_large_image","schema":{"@context":"https:\/\/schema.org","@graph":[{"@type":"WebPage","@id":"https:\/\/gesundheits-analyse.de\/untersuchungen\/","url":"https:\/\/gesundheits-analyse.de\/untersuchungen\/","name":"Untersuchungen - Gesundheitsanalyse Rahman","isPartOf":{"@id":"https:\/\/gesundheits-analyse.de\/#website"},"datePublished":"2023-06-06T14:27:55+00:00","dateModified":"2025-05-28T12:35:14+00:00","breadcrumb":{"@id":"https:\/\/gesundheits-analyse.de\/untersuchungen\/#breadcrumb"},"inLanguage":"en-GB","potentialAction":[{"@type":"ReadAction","target":["https:\/\/gesundheits-analyse.de\/untersuchungen\/"]}]},{"@type":"BreadcrumbList","@id":"https:\/\/gesundheits-analyse.de\/untersuchungen\/#breadcrumb","itemListElement":[{"@type":"ListItem","position":1,"name":"Startseite","item":"https:\/\/gesundheits-analyse.de\/"},{"@type":"ListItem","position":2,"name":"Untersuchungen"}]},{"@type":"WebSite","@id":"https:\/\/gesundheits-analyse.de\/#website","url":"https:\/\/gesundheits-analyse.de\/","name":"Gesundheitsanalyse Rahman","description":"","publisher":{"@id":"https:\/\/gesundheits-analyse.de\/#organization"},"potentialAction":[{"@type":"SearchAction","target":{"@type":"EntryPoint","urlTemplate":"https:\/\/gesundheits-analyse.de\/?s={search_term_string}"},"query-input":{"@type":"PropertyValueSpecification","valueRequired":true,"valueName":"search_term_string"}}],"inLanguage":"en-GB"},{"@type":"Organization","@id":"https:\/\/gesundheits-analyse.de\/#organization","name":"Gesundheitsanalyse Rahman","url":"https:\/\/gesundheits-analyse.de\/","logo":{"@type":"ImageObject","inLanguage":"en-GB","@id":"https:\/\/gesundheits-analyse.de\/#\/schema\/logo\/image\/","url":"https:\/\/gesundheits-analyse.de\/wp-content\/uploads\/2025\/05\/cropped-Rollup_Rahman_health_analysis_logo-scaled-1.png","contentUrl":"https:\/\/gesundheits-analyse.de\/wp-content\/uploads\/2025\/05\/cropped-Rollup_Rahman_health_analysis_logo-scaled-1.png","width":2560,"height":664,"caption":"Gesundheitsanalyse Rahman"},"image":{"@id":"https:\/\/gesundheits-analyse.de\/#\/schema\/logo\/image\/"}}]}},"_links":{"self":[{"href":"https:\/\/gesundheits-analyse.de\/en\/wp-json\/wp\/v2\/pages\/12","targetHints":{"allow":["GET"]}}],"collection":[{"href":"https:\/\/gesundheits-analyse.de\/en\/wp-json\/wp\/v2\/pages"}],"about":[{"href":"https:\/\/gesundheits-analyse.de\/en\/wp-json\/wp\/v2\/types\/page"}],"author":[{"embeddable":true,"href":"https:\/\/gesundheits-analyse.de\/en\/wp-json\/wp\/v2\/users\/1"}],"replies":[{"embeddable":true,"href":"https:\/\/gesundheits-analyse.de\/en\/wp-json\/wp\/v2\/comments?post=12"}],"version-history":[{"count":15,"href":"https:\/\/gesundheits-analyse.de\/en\/wp-json\/wp\/v2\/pages\/12\/revisions"}],"predecessor-version":[{"id":1117,"href":"https:\/\/gesundheits-analyse.de\/en\/wp-json\/wp\/v2\/pages\/12\/revisions\/1117"}],"wp:attachment":[{"href":"https:\/\/gesundheits-analyse.de\/en\/wp-json\/wp\/v2\/media?parent=12"}],"curies":[{"name":"wp","href":"https:\/\/api.w.org\/{rel}","templated":true}]}}