{"id":14,"date":"2023-06-06T16:28:05","date_gmt":"2023-06-06T14:28:05","guid":{"rendered":"https:\/\/muenchen-frauenaerztin.de\/?page_id=14"},"modified":"2025-06-02T16:52:17","modified_gmt":"2025-06-02T14:52:17","slug":"impressionen","status":"publish","type":"page","link":"https:\/\/gesundheits-analyse.de\/en\/impressions\/","title":{"rendered":"Impressions"},"content":{"rendered":"<div class=\"vce-row-container\"><div class=\"vce-row vce-element--has-background vce-row--col-gap-50 row-bottom-margin vce-row-equal-height vce-row-content--middle\" data-vce-full-width=\"true\" id=\"el-c6a0f4fb\" data-vce-do-apply=\"all el-c6a0f4fb\"><div class=\"vce-content-background-container\"><\/div><div class=\"vce-row-content\" data-vce-element-content=\"true\"><div class=\"vce-col vce-col--xs-100p vce-col--xs-visible vce-col--xs-last vce-col--xs-first vce-col--sm-100p vce-col--sm-visible vce-col--sm-last vce-col--sm-first vce-col--md-50p vce-col--md-visible vce-col--md-first vce-col--lg-50p vce-col--lg-visible vce-col--lg-first vce-col--xl-50p vce-col--xl-visible vce-col--xl-first\" id=\"el-596df8e5\"><div class=\"vce-col-inner\" data-vce-do-apply=\"border margin background  el-596df8e5\"><div class=\"vce-col-content\" data-vce-element-content=\"true\" data-vce-do-apply=\"padding el-596df8e5\"><div class=\"vce-text-block header\"><div class=\"vce-text-block-wrapper vce\" id=\"el-66f5996e\" data-vce-do-apply=\"all el-66f5996e\"><h1>Get to know our practice better<\/h1><\/div><\/div><div class=\"vce-button--style-basic-icon-container vce button-float-left vce-button--style-basic-icon-container--align-left\" id=\"el-f4720430\" data-vce-do-apply=\"margin el-f4720430\"><a class=\"vce-button vce-button--style-basic-icon vce-button--style-basic-icon--border-round vce-button--style-basic-icon--color-b-80-194-189--fff\" href=\"https:\/\/www.doctolib.de\/ernahrungsmedizin\/braunschweig\/ahmed-abdel-rahman?utm_campaign=website-button&amp;amp;utm_source=ahmed-abdel-rahman-website-button&amp;amp;utm_medium=referral&amp;amp;utm_content=custom&amp;amp;utm_term=ahmed-abdel-rahman\" title=\"\" target=\"_blank\" data-vce-do-apply=\"padding border background  el-f4720430\"><span class=\"vce-button--style-basic-icon-inner\"><span class=\"vce-button--style-basic-icon-text\">Arrange appointment<\/span><span class=\"vce-button--style-basic-icon-icon vcv-ui-icon-material vcv-ui-icon-material-arrow_forward\"><\/span><\/span><\/a><\/div><div class=\"vce-button--style-basic-icon-container vce dis-none vce-button--style-basic-icon-container--align-left\" id=\"el-5a9068a2\" data-vce-do-apply=\"margin el-5a9068a2\"><a class=\"vce-button vce-button--style-basic-icon vce-button--style-basic-icon--border-round vce-button--style-basic-icon--color-ba-0-0-0-0--b-225-35-96\" href=\"tel:+4989842225\" title=\"\" data-vce-do-apply=\"padding border background  el-5a9068a2\"><span class=\"vce-button--style-basic-icon-inner\"><span class=\"vce-button--style-basic-icon-text\">Call now<\/span><span class=\"vce-button--style-basic-icon-icon vcv-ui-icon-material vcv-ui-icon-material-arrow_forward\"><\/span><\/span><\/a><\/div><\/div><\/div><\/div><div class=\"vce-col vce-col--xs-100p vce-col--xs-visible vce-col--xs-last vce-col--xs-first vce-col--sm-100p vce-col--sm-visible vce-col--sm-last vce-col--sm-first vce-col--md-50p vce-col--md-visible vce-col--md-last vce-col--lg-50p vce-col--lg-visible vce-col--lg-last vce-col--xl-50p vce-col--xl-visible vce-col--xl-last\" id=\"el-7ece2abd\"><div class=\"vce-col-inner\" data-vce-do-apply=\"border margin background  el-7ece2abd\"><div class=\"vce-col-content\" data-vce-element-content=\"true\" data-vce-do-apply=\"padding el-7ece2abd\"><div class=\"vce-single-image-container vce-single-image--align-center\"><div class=\"vce vce-single-image-wrapper\" id=\"el-20940ee9\" data-vce-do-apply=\"all el-20940ee9\"><figure><div class=\"vce-single-image-figure-inner\" style=\"width: 650px;\"><div class=\"vce-single-image-inner vce-single-image--absolute\" style=\"width: 100%; padding-bottom: 100%;\"><img decoding=\"async\" class=\"vce-single-image\"  width=\"650\" height=\"650\" srcset=\"https:\/\/gesundheits-analyse.de\/wp-content\/uploads\/2025\/05\/Impressions-2-320x320.png 320w, https:\/\/gesundheits-analyse.de\/wp-content\/uploads\/2025\/05\/Impressions-2-480x480.png 480w, https:\/\/gesundheits-analyse.de\/wp-content\/uploads\/2025\/06\/Impressions-2-650x650.png 650w\" src=\"https:\/\/gesundheits-analyse.de\/wp-content\/uploads\/2025\/06\/Impressions-2-650x650.png\" data-img-src=\"https:\/\/gesundheits-analyse.de\/wp-content\/uploads\/2025\/05\/Impressions-2.png\" data-attachment-id=\"1237\"  alt=\"\" title=\"Impressions\" \/><\/div><\/div><figcaption hidden=\"\"><\/figcaption><\/figure><\/div><\/div><\/div><\/div><\/div><\/div><\/div><\/div><div class=\"vce-row-container\" data-vce-boxed-width=\"true\"><div class=\"vce-row vce-row--col-gap-30 row-bottom-margin vce-row-equal-height vce-row-content--middle\" id=\"el-974da9b8\" data-vce-do-apply=\"all el-974da9b8\"><div class=\"vce-content-background-container\"><\/div><div class=\"vce-row-content\" data-vce-element-content=\"true\"><div class=\"vce-col vce-col--xs-100p vce-col--xs-visible vce-col--xs-last vce-col--xs-first vce-col--sm-100p vce-col--sm-visible vce-col--sm-last vce-col--sm-first vce-col--md-100p vce-col--md-visible vce-col--md-last vce-col--md-first vce-col--lg-40p vce-col--lg-visible vce-col--lg-first vce-col--xl-auto vce-col--xl-visible vce-col--xl-first\" id=\"el-48e93d09\"><div class=\"vce-col-inner\" data-vce-do-apply=\"border margin background  el-48e93d09\"><div class=\"vce-col-content\" data-vce-element-content=\"true\" data-vce-do-apply=\"padding el-48e93d09\"><div class=\"vce-text-block\"><div class=\"vce-text-block-wrapper vce\" id=\"el-93c1a0e3\" data-vce-do-apply=\"all el-93c1a0e3\"><h2 style=\"margin-bottom: 0px;\">Impressions of our practice<\/h2>\n<\/div><\/div><\/div><\/div><\/div><div class=\"vce-col vce-col--xs-100p vce-col--xs-visible vce-col--xs-last vce-col--xs-first vce-col--sm-100p vce-col--sm-visible vce-col--sm-last vce-col--sm-first vce-col--md-100p vce-col--md-visible vce-col--md-last vce-col--md-first vce-col--lg-60p vce-col--lg-visible vce-col--lg-last vce-col--xl-auto vce-col--xl-visible vce-col--xl-last\" id=\"el-76767504\"><div class=\"vce-col-inner\" data-vce-do-apply=\"border margin background  el-76767504\"><div class=\"vce-col-content\" data-vce-element-content=\"true\" data-vce-do-apply=\"padding el-76767504\"><div class=\"vce-text-block\"><div class=\"vce-text-block-wrapper vce\" id=\"el-66eadcb5\" data-vce-do-apply=\"all el-66eadcb5\"><p style=\"margin-bottom: 0px;\">We attach great importance to a trusting atmosphere and personal care. As a practice for gynaecology and obstetrics, we offer a wide range of services oriented towards the individual needs of our patients.<\/p><\/div><\/div><\/div><\/div><\/div><\/div><\/div><\/div><div class=\"vce-row-container\" data-vce-boxed-width=\"true\"><div class=\"vce-row vce-row--col-gap-30 vce-row-equal-height vce-row-content--top\" id=\"el-01abf1b9\" data-vce-do-apply=\"all el-01abf1b9\"><div class=\"vce-row-content\" data-vce-element-content=\"true\"><div class=\"vce-col vce-col--md-auto vce-col--xs-1 vce-col--xs-last vce-col--xs-first vce-col--sm-last vce-col--sm-first vce-col--md-last vce-col--lg-last vce-col--xl-last vce-col--md-first vce-col--lg-first vce-col--xl-first\" id=\"el-dd1dcd8b\"><div class=\"vce-col-inner\" data-vce-do-apply=\"border margin background  el-dd1dcd8b\"><div class=\"vce-col-content\" data-vce-element-content=\"true\" data-vce-do-apply=\"padding el-dd1dcd8b\"><div class=\"vce-image-masonry-gallery\"><div class=\"vce-image-masonry-gallery-wrapper vce vce-image-masonry-gallery--gap-10 vce-image-masonry-gallery--columns-2\" id=\"el-fb3239b8\" data-vce-do-apply=\"all el-fb3239b8\" data-vce-animate=\"vce-o-animate--slideInUp\"><div class=\"vce-image-masonry-gallery-list\"><div class=\"vce-image-masonry-gallery-column\"><a href=\"https:\/\/gesundheits-analyse.de\/wp-content\/uploads\/2025\/06\/IMG_4087-scaled.jpeg\" data-lightbox=\"lightbox-fb3239b8\" class=\"vce-image-masonry-gallery-item\"><img decoding=\"async\" class=\"vce-image-masonry-gallery-img\" src=\"https:\/\/gesundheits-analyse.de\/wp-content\/uploads\/2025\/06\/IMG_4087-scaled.jpeg\" alt=\"\"><\/a><a href=\"https:\/\/gesundheits-analyse.de\/wp-content\/uploads\/2025\/06\/IMG_4080-scaled.jpeg\" data-lightbox=\"lightbox-fb3239b8\" class=\"vce-image-masonry-gallery-item\"><img decoding=\"async\" class=\"vce-image-masonry-gallery-img\" src=\"https:\/\/gesundheits-analyse.de\/wp-content\/uploads\/2025\/06\/IMG_4080-scaled.jpeg\" alt=\"\"><\/a><a href=\"https:\/\/gesundheits-analyse.de\/wp-content\/uploads\/2025\/06\/IMG_4082-scaled.jpeg\" data-lightbox=\"lightbox-fb3239b8\" class=\"vce-image-masonry-gallery-item\"><img decoding=\"async\" class=\"vce-image-masonry-gallery-img\" src=\"https:\/\/gesundheits-analyse.de\/wp-content\/uploads\/2025\/06\/IMG_4082-scaled.jpeg\" alt=\"\"><\/a><\/div><div class=\"vce-image-masonry-gallery-column\"><a href=\"https:\/\/gesundheits-analyse.de\/wp-content\/uploads\/2025\/06\/IMG_4084-scaled.jpeg\" data-lightbox=\"lightbox-fb3239b8\" class=\"vce-image-masonry-gallery-item\"><img decoding=\"async\" class=\"vce-image-masonry-gallery-img\" src=\"https:\/\/gesundheits-analyse.de\/wp-content\/uploads\/2025\/06\/IMG_4084-scaled.jpeg\" alt=\"\"><\/a><a href=\"https:\/\/gesundheits-analyse.de\/wp-content\/uploads\/2025\/06\/IMG_4083-scaled.jpeg\" data-lightbox=\"lightbox-fb3239b8\" class=\"vce-image-masonry-gallery-item\"><img decoding=\"async\" class=\"vce-image-masonry-gallery-img\" src=\"https:\/\/gesundheits-analyse.de\/wp-content\/uploads\/2025\/06\/IMG_4083-scaled.jpeg\" alt=\"\"><\/a><a href=\"https:\/\/gesundheits-analyse.de\/wp-content\/uploads\/2025\/06\/IMG_4081-scaled.jpeg\" data-lightbox=\"lightbox-fb3239b8\" class=\"vce-image-masonry-gallery-item\"><img decoding=\"async\" class=\"vce-image-masonry-gallery-img\" src=\"https:\/\/gesundheits-analyse.de\/wp-content\/uploads\/2025\/06\/IMG_4081-scaled.jpeg\" alt=\"\"><\/a><a href=\"https:\/\/gesundheits-analyse.de\/wp-content\/uploads\/2025\/06\/IMG_4085-scaled.jpeg\" data-lightbox=\"lightbox-fb3239b8\" class=\"vce-image-masonry-gallery-item\"><img decoding=\"async\" class=\"vce-image-masonry-gallery-img\" src=\"https:\/\/gesundheits-analyse.de\/wp-content\/uploads\/2025\/06\/IMG_4085-scaled.jpeg\" alt=\"\"><\/a><\/div><\/div><\/div><\/div><\/div><\/div><\/div><\/div><\/div><\/div>","protected":false},"excerpt":{"rendered":"<p>Get to know our practice betterMake an appointmentCall nowImpressions of our practice We attach great importance to a trusting atmosphere and personalised care. As a practice for gynaecology and obstetrics, we offer a wide range of services tailored to the individual needs of our patients.<\/p>","protected":false},"author":1,"featured_media":0,"parent":0,"menu_order":0,"comment_status":"closed","ping_status":"closed","template":"","meta":{"inline_featured_image":false,"footnotes":""},"class_list":["post-14","page","type-page","status-publish","hentry"],"yoast_head":"<!-- This site is optimized with the Yoast SEO plugin v24.8.1 - https:\/\/yoast.com\/wordpress\/plugins\/seo\/ -->\n<title>Impressionen - Gesundheitsanalyse Rahman<\/title>\n<meta name=\"robots\" content=\"noindex, nofollow\" \/>\n<meta property=\"og:locale\" content=\"en_GB\" \/>\n<meta property=\"og:type\" content=\"article\" \/>\n<meta property=\"og:title\" content=\"Impressionen - Gesundheitsanalyse Rahman\" \/>\n<meta property=\"og:description\" content=\"Lernen Sie unsere Praxis n\u00e4her kennenTermin vereinbarenJetzt anrufenImpressionen unserer Praxis Wir legen gro\u00dfen Wert auf eine vertrauensvolle Atmosph\u00e4re und eine pers\u00f6nliche Betreuung. Als Praxis f\u00fcr Frauenheilkunde und Geburtshilfe bieten wir Ihnen ein breites Leistungsspektrum an, das sich an den individuellen Bed\u00fcrfnissen unserer Patientinnen orientiert.\" \/>\n<meta property=\"og:url\" content=\"https:\/\/gesundheits-analyse.de\/en\/impressions\/\" \/>\n<meta property=\"og:site_name\" content=\"Gesundheitsanalyse Rahman\" \/>\n<meta property=\"article:modified_time\" content=\"2025-06-02T14:52:17+00:00\" \/>\n<meta name=\"twitter:card\" content=\"summary_large_image\" \/>\n<meta name=\"twitter:label1\" content=\"Estimated reading time\" \/>\n\t<meta name=\"twitter:data1\" content=\"3 minutes\" \/>\n<script type=\"application\/ld+json\" class=\"yoast-schema-graph\">{\"@context\":\"https:\/\/schema.org\",\"@graph\":[{\"@type\":\"WebPage\",\"@id\":\"https:\/\/gesundheits-analyse.de\/impressionen\/\",\"url\":\"https:\/\/gesundheits-analyse.de\/impressionen\/\",\"name\":\"Impressionen - Gesundheitsanalyse Rahman\",\"isPartOf\":{\"@id\":\"https:\/\/gesundheits-analyse.de\/#website\"},\"datePublished\":\"2023-06-06T14:28:05+00:00\",\"dateModified\":\"2025-06-02T14:52:17+00:00\",\"breadcrumb\":{\"@id\":\"https:\/\/gesundheits-analyse.de\/impressionen\/#breadcrumb\"},\"inLanguage\":\"en-GB\",\"potentialAction\":[{\"@type\":\"ReadAction\",\"target\":[\"https:\/\/gesundheits-analyse.de\/impressionen\/\"]}]},{\"@type\":\"BreadcrumbList\",\"@id\":\"https:\/\/gesundheits-analyse.de\/impressionen\/#breadcrumb\",\"itemListElement\":[{\"@type\":\"ListItem\",\"position\":1,\"name\":\"Startseite\",\"item\":\"https:\/\/gesundheits-analyse.de\/\"},{\"@type\":\"ListItem\",\"position\":2,\"name\":\"Impressionen\"}]},{\"@type\":\"WebSite\",\"@id\":\"https:\/\/gesundheits-analyse.de\/#website\",\"url\":\"https:\/\/gesundheits-analyse.de\/\",\"name\":\"Gesundheitsanalyse Rahman\",\"description\":\"\",\"publisher\":{\"@id\":\"https:\/\/gesundheits-analyse.de\/#organization\"},\"potentialAction\":[{\"@type\":\"SearchAction\",\"target\":{\"@type\":\"EntryPoint\",\"urlTemplate\":\"https:\/\/gesundheits-analyse.de\/?s={search_term_string}\"},\"query-input\":{\"@type\":\"PropertyValueSpecification\",\"valueRequired\":true,\"valueName\":\"search_term_string\"}}],\"inLanguage\":\"en-GB\"},{\"@type\":\"Organization\",\"@id\":\"https:\/\/gesundheits-analyse.de\/#organization\",\"name\":\"Gesundheitsanalyse Rahman\",\"url\":\"https:\/\/gesundheits-analyse.de\/\",\"logo\":{\"@type\":\"ImageObject\",\"inLanguage\":\"en-GB\",\"@id\":\"https:\/\/gesundheits-analyse.de\/#\/schema\/logo\/image\/\",\"url\":\"https:\/\/gesundheits-analyse.de\/wp-content\/uploads\/2025\/05\/cropped-Rollup_Rahman_health_analysis_logo-scaled-1.png\",\"contentUrl\":\"https:\/\/gesundheits-analyse.de\/wp-content\/uploads\/2025\/05\/cropped-Rollup_Rahman_health_analysis_logo-scaled-1.png\",\"width\":2560,\"height\":664,\"caption\":\"Gesundheitsanalyse Rahman\"},\"image\":{\"@id\":\"https:\/\/gesundheits-analyse.de\/#\/schema\/logo\/image\/\"}}]}<\/script>\n<!-- \/ Yoast SEO plugin. -->","yoast_head_json":{"title":"Impressionen - Gesundheitsanalyse Rahman","robots":{"index":"noindex","follow":"nofollow"},"og_locale":"en_GB","og_type":"article","og_title":"Impressionen - Gesundheitsanalyse Rahman","og_description":"Lernen Sie unsere Praxis n\u00e4her kennenTermin vereinbarenJetzt anrufenImpressionen unserer Praxis Wir legen gro\u00dfen Wert auf eine vertrauensvolle Atmosph\u00e4re und eine pers\u00f6nliche Betreuung. Als Praxis f\u00fcr Frauenheilkunde und Geburtshilfe bieten wir Ihnen ein breites Leistungsspektrum an, das sich an den individuellen Bed\u00fcrfnissen unserer Patientinnen orientiert.","og_url":"https:\/\/gesundheits-analyse.de\/en\/impressions\/","og_site_name":"Gesundheitsanalyse Rahman","article_modified_time":"2025-06-02T14:52:17+00:00","twitter_card":"summary_large_image","twitter_misc":{"Estimated reading time":"3 minutes"},"schema":{"@context":"https:\/\/schema.org","@graph":[{"@type":"WebPage","@id":"https:\/\/gesundheits-analyse.de\/impressionen\/","url":"https:\/\/gesundheits-analyse.de\/impressionen\/","name":"Impressionen - Gesundheitsanalyse Rahman","isPartOf":{"@id":"https:\/\/gesundheits-analyse.de\/#website"},"datePublished":"2023-06-06T14:28:05+00:00","dateModified":"2025-06-02T14:52:17+00:00","breadcrumb":{"@id":"https:\/\/gesundheits-analyse.de\/impressionen\/#breadcrumb"},"inLanguage":"en-GB","potentialAction":[{"@type":"ReadAction","target":["https:\/\/gesundheits-analyse.de\/impressionen\/"]}]},{"@type":"BreadcrumbList","@id":"https:\/\/gesundheits-analyse.de\/impressionen\/#breadcrumb","itemListElement":[{"@type":"ListItem","position":1,"name":"Startseite","item":"https:\/\/gesundheits-analyse.de\/"},{"@type":"ListItem","position":2,"name":"Impressionen"}]},{"@type":"WebSite","@id":"https:\/\/gesundheits-analyse.de\/#website","url":"https:\/\/gesundheits-analyse.de\/","name":"Gesundheitsanalyse Rahman","description":"","publisher":{"@id":"https:\/\/gesundheits-analyse.de\/#organization"},"potentialAction":[{"@type":"SearchAction","target":{"@type":"EntryPoint","urlTemplate":"https:\/\/gesundheits-analyse.de\/?s={search_term_string}"},"query-input":{"@type":"PropertyValueSpecification","valueRequired":true,"valueName":"search_term_string"}}],"inLanguage":"en-GB"},{"@type":"Organization","@id":"https:\/\/gesundheits-analyse.de\/#organization","name":"Gesundheitsanalyse Rahman","url":"https:\/\/gesundheits-analyse.de\/","logo":{"@type":"ImageObject","inLanguage":"en-GB","@id":"https:\/\/gesundheits-analyse.de\/#\/schema\/logo\/image\/","url":"https:\/\/gesundheits-analyse.de\/wp-content\/uploads\/2025\/05\/cropped-Rollup_Rahman_health_analysis_logo-scaled-1.png","contentUrl":"https:\/\/gesundheits-analyse.de\/wp-content\/uploads\/2025\/05\/cropped-Rollup_Rahman_health_analysis_logo-scaled-1.png","width":2560,"height":664,"caption":"Gesundheitsanalyse Rahman"},"image":{"@id":"https:\/\/gesundheits-analyse.de\/#\/schema\/logo\/image\/"}}]}},"_links":{"self":[{"href":"https:\/\/gesundheits-analyse.de\/en\/wp-json\/wp\/v2\/pages\/14","targetHints":{"allow":["GET"]}}],"collection":[{"href":"https:\/\/gesundheits-analyse.de\/en\/wp-json\/wp\/v2\/pages"}],"about":[{"href":"https:\/\/gesundheits-analyse.de\/en\/wp-json\/wp\/v2\/types\/page"}],"author":[{"embeddable":true,"href":"https:\/\/gesundheits-analyse.de\/en\/wp-json\/wp\/v2\/users\/1"}],"replies":[{"embeddable":true,"href":"https:\/\/gesundheits-analyse.de\/en\/wp-json\/wp\/v2\/comments?post=14"}],"version-history":[{"count":33,"href":"https:\/\/gesundheits-analyse.de\/en\/wp-json\/wp\/v2\/pages\/14\/revisions"}],"predecessor-version":[{"id":1297,"href":"https:\/\/gesundheits-analyse.de\/en\/wp-json\/wp\/v2\/pages\/14\/revisions\/1297"}],"wp:attachment":[{"href":"https:\/\/gesundheits-analyse.de\/en\/wp-json\/wp\/v2\/media?parent=14"}],"curies":[{"name":"wp","href":"https:\/\/api.w.org\/{rel}","templated":true}]}}