{"id":18,"date":"2023-06-06T16:28:24","date_gmt":"2023-06-06T14:28:24","guid":{"rendered":"https:\/\/muenchen-frauenaerztin.de\/?page_id=18"},"modified":"2025-05-27T09:25:07","modified_gmt":"2025-05-27T07:25:07","slug":"impressum","status":"publish","type":"page","link":"https:\/\/gesundheits-analyse.de\/en\/imprint\/","title":{"rendered":"Imprint"},"content":{"rendered":"<div class=\"vce-row-container\" data-vce-boxed-width=\"true\"><div class=\"vce-row vce-row--col-gap-30 vce-row-equal-height vce-row-content--top\" id=\"el-af7d4ad4\" data-vce-do-apply=\"all el-af7d4ad4\"><div class=\"vce-row-content\" data-vce-element-content=\"true\"><div class=\"vce-col vce-col--md-auto vce-col--xs-1 vce-col--xs-last vce-col--xs-first vce-col--sm-last vce-col--sm-first vce-col--md-last vce-col--lg-last vce-col--xl-last vce-col--md-first vce-col--lg-first vce-col--xl-first\" id=\"el-6f6ec432\"><div class=\"vce-col-inner\" data-vce-do-apply=\"border margin background  el-6f6ec432\"><div class=\"vce-col-content\" data-vce-element-content=\"true\" data-vce-do-apply=\"padding el-6f6ec432\"><div class=\"vce-text-block\"><div class=\"vce-text-block-wrapper vce\" id=\"el-b148e84d\" data-vce-do-apply=\"all el-b148e84d\"><h1 class=\"heading-4\">Imprint<\/h1><div class=\"text-block-9\"><p>Information according to \u00a7 5 Telemediengesetz:<\/p><p data-start=\"296\" data-end=\"419\"><strong data-start=\"296\" data-end=\"307\">Practice:<\/strong><br data-start=\"307\" data-end=\"310\">Ahmed Abdel-Rahman<br data-start=\"328\" data-end=\"331\">RAHMAN Health Analysis<br data-start=\"353\" data-end=\"356\">at HYGIA Premiumfitness<br data-start=\"379\" data-end=\"382\">Varrentrappstra\u00dfe 20<br data-start=\"396\" data-end=\"399\">38114 Brunswick<\/p><p data-start=\"421\" data-end=\"529\">Phone: +49 (0)173 9639988<br data-start=\"450\" data-end=\"453\">E-mail: <a class=\"cursor-pointer\" rel=\"noopener\" data-start=\"461\" data-end=\"488\">info@gesundheits-analyse.de<\/a><br data-start=\"488\" data-end=\"491\">Internet: <a class=\"\" href=\"https:\/\/gesundheits-analyse.de\/en\/\" target=\"_new\" rel=\"noopener\" data-start=\"501\" data-end=\"527\">www.gesundheits-analyse.de<\/a><\/p><p><strong>&nbsp;<\/strong><\/p><p>\u200d<strong>Job title: <br><\/strong>Doctor (licence to practise medicine awarded in Germany)<\/p><p>\u200d<br>\u200d<strong>Competent chamber:<\/strong><br>Medical Association of Lower Saxony<br data-start=\"661\" data-end=\"664\">Berliner Allee 20<br data-start=\"681\" data-end=\"684\">30175 Hanover<br data-start=\"698\" data-end=\"701\"><a class=\"\" href=\"https:\/\/www.aekn.de\/\" target=\"_new\" rel=\"noopener\" data-start=\"701\" data-end=\"735\">www.aekn.de<\/a><\/p><p>&nbsp;<\/p><p>\u200d<strong>Competent Association of Statutory Health Insurance Physicians:<\/strong><br>State Data Protection Officer of Lower Saxony<br data-start=\"820\" data-end=\"823\">Prinzenstrasse 5<br data-start=\"838\" data-end=\"841\">30159 Hanover<br data-start=\"855\" data-end=\"858\"><a class=\"cursor-pointer\" target=\"_new\" rel=\"noopener\" data-start=\"858\" data-end=\"918\">www.lfd.niedersachsen.de<\/a><\/p><p><strong><br>Professional regulations:<\/strong><\/p><p data-start=\"962\" data-end=\"1007\">Professional Code of Conduct of the Medical Association of Lower Saxony<\/p><p data-start=\"1010\" data-end=\"1125\">Health Professions Act of the State of Lower Saxony<br data-start=\"1051\" data-end=\"1054\">The regulations can be viewed at <a class=\"\" href=\"https:\/\/www.aekn.de\/\" target=\"_new\" rel=\"noopener\" data-start=\"1091\" data-end=\"1125\">www.aekn.de<\/a><\/p><p>\u200d<strong>Disclaimer:<\/strong><\/p><p>\u200d<\/p><p data-start=\"1155\" data-end=\"1877\"><strong data-start=\"1155\" data-end=\"1178\">Liability for content<\/strong><br data-start=\"1178\" data-end=\"1181\">As a service provider, we are responsible for our own content on these pages in accordance with Section 7 (1) TMG (German Telemedia Act) and general legislation. According to \u00a7\u00a7 8 to 10 TMG, however, we as a service provider are not obliged to monitor transmitted or stored third-party information or to investigate circumstances that indicate illegal activity.<br data-start=\"1537\" data-end=\"1540\">Obligations to remove or block the use of information in accordance with general legislation remain unaffected by this. However, liability in this respect is only possible from the time we become aware of a specific infringement. As soon as we become aware of such infringements, we will remove this content immediately.<\/p><p data-start=\"1879\" data-end=\"2472\"><strong data-start=\"1879\" data-end=\"1900\">Liability for links<\/strong><br data-start=\"1900\" data-end=\"1903\">Our website contains links to external third-party websites over whose content we have no influence. Therefore, we cannot accept any liability for this third-party content. The respective provider or operator is always responsible for the content of the linked pages. Illegal contents were not recognisable at the time of linking.<br data-start=\"2258\" data-end=\"2261\">Permanent monitoring of the content of the linked pages is not reasonable without concrete evidence of an infringement. If we become aware of any legal infringements, we will remove such links immediately.<\/p><p data-start=\"2474\" data-end=\"3151\"><strong data-start=\"2474\" data-end=\"2490\">Copyright<\/strong><br data-start=\"2490\" data-end=\"2493\">The content and works on this website created by the site operators are subject to German copyright law. Reproduction, editing, distribution and utilisation outside the limits of copyright law require the written consent of the respective author.<br data-start=\"2773\" data-end=\"2776\">Downloads and copies of this site are only permitted for private, non-commercial use.<br data-start=\"2876\" data-end=\"2879\">Insofar as content on this site was not created by the operator, the copyrights of third parties are respected. Should you nevertheless become aware of a copyright infringement, please let us know. If we become aware of such content, we will remove it immediately.<\/p><\/div><\/div><\/div><\/div><\/div><\/div><\/div><\/div><\/div>","protected":false},"excerpt":{"rendered":"<p>ImpressumAngaben nach \u00a7 5 Telemediengesetz:Praxis:Ahmed Abdel-RahmanRAHMAN Health Analysisim HYGIA PremiumfitnessVarrentrappstra\u00dfe 2038114 BraunschweigTelefon: +49 (0)173 9639988E-Mail: info@gesundheits-analyse.deInternet: www.gesundheits-analyse.de&nbsp;\u200dBerufsbezeichnung: Arzt (Approbation verliehen in Deutschland)\u200d\u200dZust\u00e4ndige Kammer:\u00c4rztekammer NiedersachsenBerliner Allee 2030175 Hannoverwww.aekn.de&nbsp;\u200dZust\u00e4ndige kassen\u00e4rztliche Vereinigung:Landesdatenschutzbeauftragter NiedersachsenPrinzenstra\u00dfe 530159 Hannoverwww.lfd.niedersachsen.deBerufsrechtliche Regelungen:Berufsordnung der \u00c4rztekammer NiedersachsenHeilberufegesetz des Landes NiedersachsenDie Regelungen sind einsehbar unter: www.aekn.de\u200dHaftungsausschluss:\u200dHaftung f\u00fcr InhalteAls Diensteanbieter sind wir gem\u00e4\u00df \u00a7 7 Abs. 1 TMG [&hellip;]<\/p>","protected":false},"author":1,"featured_media":0,"parent":0,"menu_order":0,"comment_status":"closed","ping_status":"closed","template":"","meta":{"inline_featured_image":false,"footnotes":""},"class_list":["post-18","page","type-page","status-publish","hentry"],"yoast_head":"<!-- This site is optimized with the Yoast SEO plugin v24.8.1 - https:\/\/yoast.com\/wordpress\/plugins\/seo\/ -->\n<title>Impressum - Gesundheitsanalyse Rahman<\/title>\n<meta name=\"robots\" content=\"noindex, nofollow\" \/>\n<meta property=\"og:locale\" content=\"en_GB\" \/>\n<meta property=\"og:type\" content=\"article\" \/>\n<meta property=\"og:title\" content=\"Impressum - Gesundheitsanalyse Rahman\" \/>\n<meta property=\"og:description\" content=\"ImpressumAngaben nach \u00a7 5 Telemediengesetz:Praxis:Ahmed Abdel-RahmanRAHMAN Health Analysisim HYGIA PremiumfitnessVarrentrappstra\u00dfe 2038114 BraunschweigTelefon: +49 (0)173 9639988E-Mail: info@gesundheits-analyse.deInternet: www.gesundheits-analyse.de&nbsp;\u200dBerufsbezeichnung: Arzt (Approbation verliehen in Deutschland)\u200d\u200dZust\u00e4ndige Kammer:\u00c4rztekammer NiedersachsenBerliner Allee 2030175 Hannoverwww.aekn.de&nbsp;\u200dZust\u00e4ndige kassen\u00e4rztliche Vereinigung:Landesdatenschutzbeauftragter NiedersachsenPrinzenstra\u00dfe 530159 Hannoverwww.lfd.niedersachsen.deBerufsrechtliche Regelungen:Berufsordnung der \u00c4rztekammer NiedersachsenHeilberufegesetz des Landes NiedersachsenDie Regelungen sind einsehbar unter: www.aekn.de\u200dHaftungsausschluss:\u200dHaftung f\u00fcr InhalteAls Diensteanbieter sind wir gem\u00e4\u00df \u00a7 7 Abs. 1 TMG [&hellip;]\" \/>\n<meta property=\"og:url\" content=\"https:\/\/gesundheits-analyse.de\/en\/imprint\/\" \/>\n<meta property=\"og:site_name\" content=\"Gesundheitsanalyse Rahman\" \/>\n<meta property=\"article:modified_time\" content=\"2025-05-27T07:25:07+00:00\" \/>\n<meta name=\"twitter:card\" content=\"summary_large_image\" \/>\n<meta name=\"twitter:label1\" content=\"Estimated reading time\" \/>\n\t<meta name=\"twitter:data1\" content=\"3 minutes\" \/>\n<script type=\"application\/ld+json\" class=\"yoast-schema-graph\">{\"@context\":\"https:\/\/schema.org\",\"@graph\":[{\"@type\":\"WebPage\",\"@id\":\"https:\/\/gesundheits-analyse.de\/impressum\/\",\"url\":\"https:\/\/gesundheits-analyse.de\/impressum\/\",\"name\":\"Impressum - Gesundheitsanalyse Rahman\",\"isPartOf\":{\"@id\":\"https:\/\/gesundheits-analyse.de\/#website\"},\"datePublished\":\"2023-06-06T14:28:24+00:00\",\"dateModified\":\"2025-05-27T07:25:07+00:00\",\"breadcrumb\":{\"@id\":\"https:\/\/gesundheits-analyse.de\/impressum\/#breadcrumb\"},\"inLanguage\":\"en-GB\",\"potentialAction\":[{\"@type\":\"ReadAction\",\"target\":[\"https:\/\/gesundheits-analyse.de\/impressum\/\"]}]},{\"@type\":\"BreadcrumbList\",\"@id\":\"https:\/\/gesundheits-analyse.de\/impressum\/#breadcrumb\",\"itemListElement\":[{\"@type\":\"ListItem\",\"position\":1,\"name\":\"Startseite\",\"item\":\"https:\/\/gesundheits-analyse.de\/\"},{\"@type\":\"ListItem\",\"position\":2,\"name\":\"Impressum\"}]},{\"@type\":\"WebSite\",\"@id\":\"https:\/\/gesundheits-analyse.de\/#website\",\"url\":\"https:\/\/gesundheits-analyse.de\/\",\"name\":\"Gesundheitsanalyse Rahman\",\"description\":\"\",\"publisher\":{\"@id\":\"https:\/\/gesundheits-analyse.de\/#organization\"},\"potentialAction\":[{\"@type\":\"SearchAction\",\"target\":{\"@type\":\"EntryPoint\",\"urlTemplate\":\"https:\/\/gesundheits-analyse.de\/?s={search_term_string}\"},\"query-input\":{\"@type\":\"PropertyValueSpecification\",\"valueRequired\":true,\"valueName\":\"search_term_string\"}}],\"inLanguage\":\"en-GB\"},{\"@type\":\"Organization\",\"@id\":\"https:\/\/gesundheits-analyse.de\/#organization\",\"name\":\"Gesundheitsanalyse Rahman\",\"url\":\"https:\/\/gesundheits-analyse.de\/\",\"logo\":{\"@type\":\"ImageObject\",\"inLanguage\":\"en-GB\",\"@id\":\"https:\/\/gesundheits-analyse.de\/#\/schema\/logo\/image\/\",\"url\":\"https:\/\/gesundheits-analyse.de\/wp-content\/uploads\/2025\/05\/cropped-Rollup_Rahman_health_analysis_logo-scaled-1.png\",\"contentUrl\":\"https:\/\/gesundheits-analyse.de\/wp-content\/uploads\/2025\/05\/cropped-Rollup_Rahman_health_analysis_logo-scaled-1.png\",\"width\":2560,\"height\":664,\"caption\":\"Gesundheitsanalyse Rahman\"},\"image\":{\"@id\":\"https:\/\/gesundheits-analyse.de\/#\/schema\/logo\/image\/\"}}]}<\/script>\n<!-- \/ Yoast SEO plugin. -->","yoast_head_json":{"title":"Impressum - Gesundheitsanalyse Rahman","robots":{"index":"noindex","follow":"nofollow"},"og_locale":"en_GB","og_type":"article","og_title":"Impressum - Gesundheitsanalyse Rahman","og_description":"ImpressumAngaben nach \u00a7 5 Telemediengesetz:Praxis:Ahmed Abdel-RahmanRAHMAN Health Analysisim HYGIA PremiumfitnessVarrentrappstra\u00dfe 2038114 BraunschweigTelefon: +49 (0)173 9639988E-Mail: info@gesundheits-analyse.deInternet: www.gesundheits-analyse.de&nbsp;\u200dBerufsbezeichnung: Arzt (Approbation verliehen in Deutschland)\u200d\u200dZust\u00e4ndige Kammer:\u00c4rztekammer NiedersachsenBerliner Allee 2030175 Hannoverwww.aekn.de&nbsp;\u200dZust\u00e4ndige kassen\u00e4rztliche Vereinigung:Landesdatenschutzbeauftragter NiedersachsenPrinzenstra\u00dfe 530159 Hannoverwww.lfd.niedersachsen.deBerufsrechtliche Regelungen:Berufsordnung der \u00c4rztekammer NiedersachsenHeilberufegesetz des Landes NiedersachsenDie Regelungen sind einsehbar unter: www.aekn.de\u200dHaftungsausschluss:\u200dHaftung f\u00fcr InhalteAls Diensteanbieter sind wir gem\u00e4\u00df \u00a7 7 Abs. 1 TMG [&hellip;]","og_url":"https:\/\/gesundheits-analyse.de\/en\/imprint\/","og_site_name":"Gesundheitsanalyse Rahman","article_modified_time":"2025-05-27T07:25:07+00:00","twitter_card":"summary_large_image","twitter_misc":{"Estimated reading time":"3 minutes"},"schema":{"@context":"https:\/\/schema.org","@graph":[{"@type":"WebPage","@id":"https:\/\/gesundheits-analyse.de\/impressum\/","url":"https:\/\/gesundheits-analyse.de\/impressum\/","name":"Impressum - Gesundheitsanalyse Rahman","isPartOf":{"@id":"https:\/\/gesundheits-analyse.de\/#website"},"datePublished":"2023-06-06T14:28:24+00:00","dateModified":"2025-05-27T07:25:07+00:00","breadcrumb":{"@id":"https:\/\/gesundheits-analyse.de\/impressum\/#breadcrumb"},"inLanguage":"en-GB","potentialAction":[{"@type":"ReadAction","target":["https:\/\/gesundheits-analyse.de\/impressum\/"]}]},{"@type":"BreadcrumbList","@id":"https:\/\/gesundheits-analyse.de\/impressum\/#breadcrumb","itemListElement":[{"@type":"ListItem","position":1,"name":"Startseite","item":"https:\/\/gesundheits-analyse.de\/"},{"@type":"ListItem","position":2,"name":"Impressum"}]},{"@type":"WebSite","@id":"https:\/\/gesundheits-analyse.de\/#website","url":"https:\/\/gesundheits-analyse.de\/","name":"Gesundheitsanalyse Rahman","description":"","publisher":{"@id":"https:\/\/gesundheits-analyse.de\/#organization"},"potentialAction":[{"@type":"SearchAction","target":{"@type":"EntryPoint","urlTemplate":"https:\/\/gesundheits-analyse.de\/?s={search_term_string}"},"query-input":{"@type":"PropertyValueSpecification","valueRequired":true,"valueName":"search_term_string"}}],"inLanguage":"en-GB"},{"@type":"Organization","@id":"https:\/\/gesundheits-analyse.de\/#organization","name":"Gesundheitsanalyse Rahman","url":"https:\/\/gesundheits-analyse.de\/","logo":{"@type":"ImageObject","inLanguage":"en-GB","@id":"https:\/\/gesundheits-analyse.de\/#\/schema\/logo\/image\/","url":"https:\/\/gesundheits-analyse.de\/wp-content\/uploads\/2025\/05\/cropped-Rollup_Rahman_health_analysis_logo-scaled-1.png","contentUrl":"https:\/\/gesundheits-analyse.de\/wp-content\/uploads\/2025\/05\/cropped-Rollup_Rahman_health_analysis_logo-scaled-1.png","width":2560,"height":664,"caption":"Gesundheitsanalyse Rahman"},"image":{"@id":"https:\/\/gesundheits-analyse.de\/#\/schema\/logo\/image\/"}}]}},"_links":{"self":[{"href":"https:\/\/gesundheits-analyse.de\/en\/wp-json\/wp\/v2\/pages\/18","targetHints":{"allow":["GET"]}}],"collection":[{"href":"https:\/\/gesundheits-analyse.de\/en\/wp-json\/wp\/v2\/pages"}],"about":[{"href":"https:\/\/gesundheits-analyse.de\/en\/wp-json\/wp\/v2\/types\/page"}],"author":[{"embeddable":true,"href":"https:\/\/gesundheits-analyse.de\/en\/wp-json\/wp\/v2\/users\/1"}],"replies":[{"embeddable":true,"href":"https:\/\/gesundheits-analyse.de\/en\/wp-json\/wp\/v2\/comments?post=18"}],"version-history":[{"count":3,"href":"https:\/\/gesundheits-analyse.de\/en\/wp-json\/wp\/v2\/pages\/18\/revisions"}],"predecessor-version":[{"id":858,"href":"https:\/\/gesundheits-analyse.de\/en\/wp-json\/wp\/v2\/pages\/18\/revisions\/858"}],"wp:attachment":[{"href":"https:\/\/gesundheits-analyse.de\/en\/wp-json\/wp\/v2\/media?parent=18"}],"curies":[{"name":"wp","href":"https:\/\/api.w.org\/{rel}","templated":true}]}}